{"id":124,"date":"2024-07-12T21:36:43","date_gmt":"2024-07-12T21:36:43","guid":{"rendered":"http:\/\/www.st-georg-halen.de\/home\/?page_id=124"},"modified":"2025-10-19T11:05:26","modified_gmt":"2025-10-19T11:05:26","slug":"kinderkonigsschiesen","status":"publish","type":"page","link":"https:\/\/www.st-georg-halen.de\/home\/jungschutzen\/kinderkonigsschiesen\/","title":{"rendered":"Kinderk\u00f6nigschie\u00dfen"},"content":{"rendered":"\n<p>Halen, 30. Juni 2025<\/p>\n\n\n\n<p>Von Heinz-G\u00fcnter Dobelmann<\/p>\n\n\n\n<h2 class=\"wp-block-heading\">Leni Wegmann ist neue Kinderk\u00f6nigin in Halen<\/h2>\n\n\n\n<figure class=\"wp-block-image size-large is-resized\"><a href=\"https:\/\/www.st-georg-halen.de\/home\/wp-content\/uploads\/2025\/10\/Kindermajestaeten-2025.webp\"><img loading=\"lazy\" decoding=\"async\" width=\"1024\" height=\"683\" src=\"https:\/\/www.st-georg-halen.de\/home\/wp-content\/uploads\/2025\/10\/Kindermajestaeten-2025-1024x683.webp\" alt=\"\" class=\"wp-image-1662\" style=\"width:840px;height:auto\" srcset=\"https:\/\/www.st-georg-halen.de\/home\/wp-content\/uploads\/2025\/10\/Kindermajestaeten-2025-1024x683.webp 1024w, https:\/\/www.st-georg-halen.de\/home\/wp-content\/uploads\/2025\/10\/Kindermajestaeten-2025-300x200.webp 300w, https:\/\/www.st-georg-halen.de\/home\/wp-content\/uploads\/2025\/10\/Kindermajestaeten-2025-768x512.webp 768w, https:\/\/www.st-georg-halen.de\/home\/wp-content\/uploads\/2025\/10\/Kindermajestaeten-2025-1536x1024.webp 1536w, https:\/\/www.st-georg-halen.de\/home\/wp-content\/uploads\/2025\/10\/Kindermajestaeten-2025.webp 1920w\" sizes=\"auto, (max-width: 1024px) 100vw, 1024px\" \/><\/a><figcaption class=\"wp-element-caption\">Die neuen W\u00fcrdentr\u00e4ger des Sch\u00fctzennachwuchses in Halen sind ermittelt. Von links: Jugendprinz Julius Struckmeier, Bambiniprinzessin Kalea Schm\u00f6ckel, Kinderk\u00f6nigin Leni Wegmann und Jugendprinzessin Lea Vaske.<\/figcaption><\/figure>\n\n\n\n<p>Halen \u2013 Die St. Georg-Sch\u00fctzenbruderschaft Halen hat am vergangenen Sonntag ihr Sch\u00fctzenfest traditionell mit einem Familiennachmittag und dem Kinderk\u00f6nigschie\u00dfen eingel\u00e4utet. Am kommenden Sonntag und Montag (6. und 7. Juli) feiert die Bruderschaft mit der Bev\u00f6lkerung des Ortes, vielen G\u00e4sten und den befreundeten Vereinen aus der Gemeinde Emstek ihr Sch\u00fctzenfest.<\/p>\n\n\n\n<p>Die Sch\u00fctzenbruderschaft Halen freute sich am vergangenen Sonntag \u00fcber einen au\u00dferordentlich guten Besuch ihres Kinderk\u00f6nigschie\u00dfens. Bei bestem Sommerwetter herrschte auf dem Festplatz unter schattigen Eichen ein buntes Treiben. F\u00fcr Familien, insbesondere nat\u00fcrlich f\u00fcr die Kinder, hatte die Bruderschaft ein attraktives Programm mit Spielstra\u00dfe, H\u00fcpfburgen, Kinderkarussell, Sandkasten, Kinderschminken und eine Reihe von Schie\u00dfwettbewerben zusammengestellt. Kinder konnten sich schminken lassen oder lustige Figuren aus Luftballons formen und Perlarmb\u00e4nder herstellen. Auf der Spielstra\u00dfe sammelten \u00fcber 50 Kinder flei\u00dfig Punkte, f\u00fcr die es in mehreren Altersklassen Preise zu gewinnen gab. Die Jungsch\u00fctzen hatten eine Cocktailbar aufgebaut und boten alkoholische und nichtalkoholische Cocktails aus ihrem Cocktailbuch an und die Sch\u00fctzendamen bewirteten die G\u00e4ste mit Kaffee und Kuchen. Auf dem Schie\u00dfstand gab es f\u00fcr Jung und Alt verschiedene Schie\u00dfwettbewerbe. Dabei wurden auch in einem Gl\u00fccksschie\u00dfen die K\u00f6nigspokale unter den ehemaligen K\u00f6nigen und K\u00f6niginnen\/Prinzgemahle ausgeschossen. Den K\u00f6nigspokal konnte Manfred Hitz erringen. Der Pokal der K\u00f6niginnen\/Prinzgemahle ging erneut an Andreas Vaske.<\/p>\n\n\n\n<p>Das Kinderk\u00f6nigschie\u00dfen wird auf der Laseralage ausgetragen. Auch in diesem Jahr gab es eine starke Konkurrenz mit hervorragenden Schie\u00dfergebnissen um die Kinderk\u00f6nigsw\u00fcrde. Mit 28 Ringen setzte sich Leni Wegmann durch und ist damit die neue Kinderk\u00f6nigin der Bruderschaft. Am kommenden Sonntag wird sie die Nachfolge von Lea Vaske auf dem Kinderthron antreten. Ermittelt wurden auch der\/die\u00a0Bambini-, Sch\u00fcler- und Jugendprinz\/essin. Die Prinzentitel waren in diesem Jahr besonders hei\u00df umk\u00e4mpft und entsprechend spannend war der Wettbewerb. Schlie\u00dflich setzten sich, teilweise nach Stechen, Kalea Schm\u00f6ckel als Bambiniprinzessin (Kinderprinzessin), Lea Vaske als Sch\u00fclerprinzessin und Julius Struckmeier als Jugendprinz durch. Kinderk\u00f6nigin und Prinz(essinen) werden die Bruderschaft bei weiterf\u00fchrenden Wettbewerben vertreten.<\/p>\n","protected":false},"excerpt":{"rendered":"<p>Halen, 30. Juni 2025 Von Heinz-G\u00fcnter Dobelmann Leni Wegmann ist neue Kinderk\u00f6nigin in Halen Halen \u2013 Die St. Georg-Sch\u00fctzenbruderschaft Halen hat am vergangenen Sonntag ihr Sch\u00fctzenfest traditionell mit einem Familiennachmittag und dem Kinderk\u00f6nigschie\u00dfen eingel\u00e4utet. Am kommenden Sonntag und Montag (6. und 7. Juli) feiert die Bruderschaft mit der Bev\u00f6lkerung des Ortes, vielen G\u00e4sten und den [&hellip;]<\/p>\n","protected":false},"author":2,"featured_media":0,"parent":120,"menu_order":0,"comment_status":"closed","ping_status":"closed","template":"","meta":{"ocean_post_layout":"","ocean_both_sidebars_style":"","ocean_both_sidebars_content_width":0,"ocean_both_sidebars_sidebars_width":0,"ocean_sidebar":"","ocean_second_sidebar":"","ocean_disable_margins":"enable","ocean_add_body_class":"","ocean_shortcode_before_top_bar":"","ocean_shortcode_after_top_bar":"","ocean_shortcode_before_header":"","ocean_shortcode_after_header":"","ocean_has_shortcode":"","ocean_shortcode_after_title":"","ocean_shortcode_before_footer_widgets":"","ocean_shortcode_after_footer_widgets":"","ocean_shortcode_before_footer_bottom":"","ocean_shortcode_after_footer_bottom":"","ocean_display_top_bar":"default","ocean_display_header":"default","ocean_header_style":"","ocean_center_header_left_menu":"","ocean_custom_header_template":"","ocean_custom_logo":0,"ocean_custom_retina_logo":0,"ocean_custom_logo_max_width":0,"ocean_custom_logo_tablet_max_width":0,"ocean_custom_logo_mobile_max_width":0,"ocean_custom_logo_max_height":0,"ocean_custom_logo_tablet_max_height":0,"ocean_custom_logo_mobile_max_height":0,"ocean_header_custom_menu":"","ocean_menu_typo_font_family":"","ocean_menu_typo_font_subset":"","ocean_menu_typo_font_size":0,"ocean_menu_typo_font_size_tablet":0,"ocean_menu_typo_font_size_mobile":0,"ocean_menu_typo_font_size_unit":"px","ocean_menu_typo_font_weight":"","ocean_menu_typo_font_weight_tablet":"","ocean_menu_typo_font_weight_mobile":"","ocean_menu_typo_transform":"","ocean_menu_typo_transform_tablet":"","ocean_menu_typo_transform_mobile":"","ocean_menu_typo_line_height":0,"ocean_menu_typo_line_height_tablet":0,"ocean_menu_typo_line_height_mobile":0,"ocean_menu_typo_line_height_unit":"","ocean_menu_typo_spacing":0,"ocean_menu_typo_spacing_tablet":0,"ocean_menu_typo_spacing_mobile":0,"ocean_menu_typo_spacing_unit":"","ocean_menu_link_color":"","ocean_menu_link_color_hover":"","ocean_menu_link_color_active":"","ocean_menu_link_background":"","ocean_menu_link_hover_background":"","ocean_menu_link_active_background":"","ocean_menu_social_links_bg":"","ocean_menu_social_hover_links_bg":"","ocean_menu_social_links_color":"","ocean_menu_social_hover_links_color":"","ocean_disable_title":"default","ocean_disable_heading":"default","ocean_post_title":"","ocean_post_subheading":"","ocean_post_title_style":"","ocean_post_title_background_color":"","ocean_post_title_background":0,"ocean_post_title_bg_image_position":"","ocean_post_title_bg_image_attachment":"","ocean_post_title_bg_image_repeat":"","ocean_post_title_bg_image_size":"","ocean_post_title_height":0,"ocean_post_title_bg_overlay":0.5,"ocean_post_title_bg_overlay_color":"","ocean_disable_breadcrumbs":"default","ocean_breadcrumbs_color":"","ocean_breadcrumbs_separator_color":"","ocean_breadcrumbs_links_color":"","ocean_breadcrumbs_links_hover_color":"","ocean_display_footer_widgets":"default","ocean_display_footer_bottom":"default","ocean_custom_footer_template":"","footnotes":""},"class_list":["post-124","page","type-page","status-publish","hentry","entry"],"_links":{"self":[{"href":"https:\/\/www.st-georg-halen.de\/home\/wp-json\/wp\/v2\/pages\/124","targetHints":{"allow":["GET"]}}],"collection":[{"href":"https:\/\/www.st-georg-halen.de\/home\/wp-json\/wp\/v2\/pages"}],"about":[{"href":"https:\/\/www.st-georg-halen.de\/home\/wp-json\/wp\/v2\/types\/page"}],"author":[{"embeddable":true,"href":"https:\/\/www.st-georg-halen.de\/home\/wp-json\/wp\/v2\/users\/2"}],"replies":[{"embeddable":true,"href":"https:\/\/www.st-georg-halen.de\/home\/wp-json\/wp\/v2\/comments?post=124"}],"version-history":[{"count":23,"href":"https:\/\/www.st-georg-halen.de\/home\/wp-json\/wp\/v2\/pages\/124\/revisions"}],"predecessor-version":[{"id":1663,"href":"https:\/\/www.st-georg-halen.de\/home\/wp-json\/wp\/v2\/pages\/124\/revisions\/1663"}],"up":[{"embeddable":true,"href":"https:\/\/www.st-georg-halen.de\/home\/wp-json\/wp\/v2\/pages\/120"}],"wp:attachment":[{"href":"https:\/\/www.st-georg-halen.de\/home\/wp-json\/wp\/v2\/media?parent=124"}],"curies":[{"name":"wp","href":"https:\/\/api.w.org\/{rel}","templated":true}]}}