{"id":129,"date":"2024-07-09T22:08:00","date_gmt":"2024-07-09T22:08:00","guid":{"rendered":"http:\/\/www.st-georg-halen.de\/home\/?page_id=129"},"modified":"2025-11-26T18:57:46","modified_gmt":"2025-11-26T18:57:46","slug":"kinderkonige","status":"publish","type":"page","link":"https:\/\/www.st-georg-halen.de\/home\/jungschutzen\/kinderkonige\/","title":{"rendered":"Kinderk\u00f6nige"},"content":{"rendered":"\n<h1 class=\"wp-block-heading\"><strong>Kinderk\u00f6nige\/Kinderk\u00f6niginnen<\/strong><\/h1>\n\n\n\n<h4 class=\"wp-block-heading\">Amtierende Kinderk\u00f6nigin 2025: Leni Wegmann<\/h4>\n\n\n\n<figure class=\"wp-block-image size-large\"><a href=\"https:\/\/www.st-georg-halen.de\/home\/wp-content\/uploads\/2025\/10\/Kinderthron-Halen-2025a.webp\"><img loading=\"lazy\" decoding=\"async\" width=\"1024\" height=\"674\" src=\"https:\/\/www.st-georg-halen.de\/home\/wp-content\/uploads\/2025\/10\/Kinderthron-Halen-2025a-1024x674.webp\" alt=\"\" class=\"wp-image-1654\" srcset=\"https:\/\/www.st-georg-halen.de\/home\/wp-content\/uploads\/2025\/10\/Kinderthron-Halen-2025a-1024x674.webp 1024w, https:\/\/www.st-georg-halen.de\/home\/wp-content\/uploads\/2025\/10\/Kinderthron-Halen-2025a-300x197.webp 300w, https:\/\/www.st-georg-halen.de\/home\/wp-content\/uploads\/2025\/10\/Kinderthron-Halen-2025a-768x505.webp 768w, https:\/\/www.st-georg-halen.de\/home\/wp-content\/uploads\/2025\/10\/Kinderthron-Halen-2025a-1536x1010.webp 1536w, https:\/\/www.st-georg-halen.de\/home\/wp-content\/uploads\/2025\/10\/Kinderthron-Halen-2025a.webp 1920w\" sizes=\"auto, (max-width: 1024px) 100vw, 1024px\" \/><\/a><figcaption class=\"wp-element-caption\">Kinderk\u00f6nigin Leni Wegmann mit Prinz ist Ben Vaske (Mitte). Den Thron vervollst\u00e4ndigen (von links) die Geschwisterpaare Magnus und Laura L\u00fcbbe sowie Till und Lea Vaske.<\/figcaption><\/figure>\n\n\n\n<h4 class=\"wp-block-heading\"><a href=\"https:\/\/www.st-georg-halen.de\/home\/wp-content\/uploads\/2010\/07\/Kinderthron-Halen-2018.jpg\"><\/a><\/h4>\n\n\n\n<h2 class=\"wp-block-heading\"><strong>Bisherige Kinderk\u00f6nige\/-k\u00f6niginnen<\/strong><\/h2>\n\n\n\n<div class=\"wp-block-gutena-accordion gutena-accordion-block gutena-accordion-block-adc5ff-ab is-layout-flow wp-block-gutena-accordion-is-layout-flow\" data-single=\"true\">\n<div class=\"wp-block-gutena-accordion-panel gutena-accordion-block__panel\">\n<div class=\"wp-block-gutena-accordion-panel-title gutena-accordion-block__panel-title\"><div class=\"gutena-accordion-block__panel-title-inner\">\n<h6 class=\"wp-block-heading has-text-align-left\" style=\"margin-top:0px;margin-right:0px;margin-bottom:0px;margin-left:0px\">1977 &#8211; 1980<\/h6>\n<div class=\"trigger-up-down\"><div class=\"horizontal\"><\/div><div class=\"vertical\"><\/div><\/div><\/div><\/div>\n\n\n\n<div class=\"wp-block-gutena-accordion-panel-content gutena-accordion-block__panel-content\"><div class=\"gutena-accordion-block__panel-content-inner\">\n<p><strong>Jahr  K\u00f6nigspaar&nbsp; &#8211;  Nebenk\u00f6nigspaar<\/strong><\/p>\n\n\n\n<p>1977&nbsp; Berthold B\u00fcssing&nbsp; und Elisabeth Thien&nbsp;&nbsp; &#8211;&nbsp;&nbsp;&nbsp; Josef Burrichter und Carolin Kalvelage<\/p>\n\n\n\n<p>1978 &nbsp; Ludger Blanke und Andrea Harling &nbsp; &#8211;&nbsp;&nbsp; Friedhelm Vaske und&nbsp; Tina Piontek<\/p>\n\n\n\n<p>1979&nbsp;&nbsp; Ludger Wegmann und Ursula Emke&nbsp; &#8211;&nbsp;&nbsp; Werner Rump und Maria Schumacher<\/p>\n\n\n\n<p>1980&nbsp; Gaby Blanke und Ulrich Piontek&nbsp; &#8211;&nbsp; Stephanie Kalvelage und Franz-Josef Vaske<\/p>\n<\/div><\/div>\n<\/div>\n\n\n\n<div class=\"wp-block-gutena-accordion-panel gutena-accordion-block__panel\">\n<div class=\"wp-block-gutena-accordion-panel-title gutena-accordion-block__panel-title\"><div class=\"gutena-accordion-block__panel-title-inner\">\n<h6 class=\"wp-block-heading has-text-align-left\" style=\"margin-top:0px;margin-right:0px;margin-bottom:0px;margin-left:0px\">1981 &#8211; 1990<\/h6>\n<div class=\"trigger-up-down\"><div class=\"horizontal\"><\/div><div class=\"vertical\"><\/div><\/div><\/div><\/div>\n\n\n\n<div class=\"wp-block-gutena-accordion-panel-content gutena-accordion-block__panel-content\"><div class=\"gutena-accordion-block__panel-content-inner\">\n<p><strong>Jahr  K\u00f6nigspaar&nbsp; &#8211;  Nebenk\u00f6nigspaar<\/strong><\/p>\n\n\n\n<p>1981&nbsp;&nbsp; Jens Meyer und Sigrid Almes&nbsp; &#8211;&nbsp; Udo Br\u00fcggemann und&nbsp; Clarissa Kranz<\/p>\n\n\n\n<p>1982&nbsp; Gunda Burrichter und Ulrich Piontek&nbsp; &#8211;&nbsp; Doris L\u00fcbbeh\u00fcsen und Christian Niemann<\/p>\n\n\n\n<p>1983&nbsp;&nbsp; Bianca Harling und Christian Sommer&nbsp; &#8211;&nbsp; Petra Thole und Josef Kordes<\/p>\n\n\n\n<p>1984&nbsp;&nbsp; Heike L\u00fcbbe und J\u00f6rg Kranz&nbsp; &#8211;&nbsp; Sandra Schmidt und Uwe Meyer<\/p>\n\n\n\n<p>1985&nbsp; Sonja Meyer und Werner Crone&nbsp; &#8211;&nbsp; Petra Hilker und Georg Schumacher<\/p>\n\n\n\n<p>1986&nbsp; Sonja Scheper und J\u00f6rg Kranz&nbsp; &#8211;&nbsp; Heike L\u00fcbbe und Thomas Krieger<\/p>\n\n\n\n<p>1987&nbsp; Sandra Niehaus und Frank Hilker&nbsp; &#8211;&nbsp; Bettina Gerdes und&nbsp; Ansgar Vossmann<\/p>\n\n\n\n<p>1988 &nbsp; Simone Papke und Christian Otten&nbsp; &#8211;&nbsp; Andrea Niehaus und Uwe Meyer<\/p>\n\n\n\n<p>1989&nbsp; Melanie Flint und Markus Feldhaus&nbsp; &#8211;&nbsp; Nina Menke und Ansgar Wedemeyer<\/p>\n\n\n\n<p>1990&nbsp; Daniela Meyer und Ingo Eichfeld&nbsp; &#8211;&nbsp; Tanja Ahlers und Reinhard Vaske<\/p>\n<\/div><\/div>\n<\/div>\n\n\n\n<div class=\"wp-block-gutena-accordion-panel gutena-accordion-block__panel\">\n<div class=\"wp-block-gutena-accordion-panel-title gutena-accordion-block__panel-title\"><div class=\"gutena-accordion-block__panel-title-inner\">\n<h6 class=\"wp-block-heading has-text-align-left\" style=\"margin-top:0px;margin-right:0px;margin-bottom:0px;margin-left:0px\">1991 &#8211; 2000<\/h6>\n<div class=\"trigger-up-down\"><div class=\"horizontal\"><\/div><div class=\"vertical\"><\/div><\/div><\/div><\/div>\n\n\n\n<div class=\"wp-block-gutena-accordion-panel-content gutena-accordion-block__panel-content\"><div class=\"gutena-accordion-block__panel-content-inner\">\n<p><strong>Jahr  K\u00f6nigspaar&nbsp; &#8211;  Nebenk\u00f6nigspaar<\/strong><\/p>\n\n\n\n<p>1991&nbsp; S\u00f6ren Griesehop und Yvonne K\u00fchnert&nbsp; &#8211;&nbsp; Andreas Bramlage und&nbsp; Sonja Burwinkel<\/p>\n\n\n\n<p>1992&nbsp; Michael L\u00fcbbe und Sonja Burwinkel&nbsp; &#8211;&nbsp; J\u00f6rg Muhle und Yvonne K\u00fchnert<\/p>\n\n\n\n<p>1993 &nbsp; Henning S\u00fcdbeck und Sabrina Vagelpohl&nbsp; &#8211;&nbsp; Johannes Menke und Christina Meyer<\/p>\n\n\n\n<p>1994&nbsp; Patrick Kr\u00f6ning und Judith Arkenau&nbsp; &#8211;&nbsp; Henning S\u00fcdbeck und Sabrina Vagelpohl<\/p>\n\n\n\n<p>1995&nbsp; Caroline Haske und Thomas Willenborg&nbsp; &#8211;&nbsp; Yvonne Grafe und Thomas L\u00fcbbe<\/p>\n\n\n\n<p>1996&nbsp; Wolfgang Willenborg und Christina Blanke&nbsp; &#8211;&nbsp; Andre Niemann und&nbsp; Anna Kordes<\/p>\n\n\n\n<p>1997&nbsp; Sandra Hitz und Thomas Vagelpohl&nbsp; &#8211;&nbsp; Katharina Gabriel und&nbsp; Daniel Behrens<\/p>\n\n\n\n<p>1998&nbsp; Claudia von der Heide und Christoph Wedemeyer&nbsp; &#8211;&nbsp;&nbsp; Franziska Blanke und&nbsp; Alexander Wegmann<\/p>\n\n\n\n<p>1999&nbsp; Marina Siemers und Andreas Vaske&nbsp; &#8211; &nbsp; Inka Bosmann und Dirk Vagelpohl<\/p>\n\n\n\n<p>2000 Andreas Vaske und Melanie Menke&nbsp; &#8211; &nbsp; Julian Blanke und Marina Siemers<\/p>\n<\/div><\/div>\n<\/div>\n\n\n\n<div class=\"wp-block-gutena-accordion-panel gutena-accordion-block__panel\">\n<div class=\"wp-block-gutena-accordion-panel-title gutena-accordion-block__panel-title\"><div class=\"gutena-accordion-block__panel-title-inner\">\n<h6 class=\"wp-block-heading has-text-align-left\" style=\"margin-top:0px;margin-right:0px;margin-bottom:0px;margin-left:0px\">2001 &#8211; 2010<\/h6>\n<div class=\"trigger-up-down\"><div class=\"horizontal\"><\/div><div class=\"vertical\"><\/div><\/div><\/div><\/div>\n\n\n\n<div class=\"wp-block-gutena-accordion-panel-content gutena-accordion-block__panel-content\"><div class=\"gutena-accordion-block__panel-content-inner\">\n<p><strong>Jahr  K\u00f6nigspaar&nbsp; &#8211;  Nebenk\u00f6nigspaar<\/strong><\/p>\n\n\n\n<p>2001&nbsp; Franziska Blanke und Tobias Fangmann&nbsp; &#8211;&nbsp; Katharina Feldhaus und Christoph Wedemeyer<\/p>\n\n\n\n<p>2002&nbsp; Alexandra Bol und Frederik Blanke&nbsp; &#8211;&nbsp; Nicole Meyer und&nbsp; Benedikt Feldhaus<\/p>\n\n\n\n<p>2003&nbsp; Kevin Wegmann und Christina Gabriel&nbsp; &#8211;&nbsp; Benedikt Feldhaus und&nbsp; Sara Otte<\/p>\n\n\n\n<p>2004&nbsp; Jan B\u00fcssing und Christina Semmling&nbsp; &#8211; &nbsp; Andre Ahlers und&nbsp; Anna Kalvelage<\/p>\n\n\n\n<p>2005&nbsp; Peter Wegmann und Isa Wegmann&nbsp; &#8211;&nbsp; Kevin Wegmann und Stefanie Hoppe<\/p>\n\n\n\n<p>2006&nbsp; Katrin Meyer und Steffen Hitz&nbsp; &#8211;&nbsp; Stefanie Meyer und Felix Nadrowski<\/p>\n\n\n\n<p>2007&nbsp; Vanessa Meyer und Johannes Kalvelage&nbsp; &#8211;&nbsp; Saskia Niemann und Jonas B\u00fcssing<\/p>\n\n\n\n<p>2008&nbsp; Ina B\u00fcssing und Tobias Niemann&nbsp; &#8211; &nbsp; Carina Meyer und&nbsp; Justus Kalvelage<\/p>\n\n\n\n<p>2009&nbsp; Christin Ostendorf&nbsp; und Manuel Hoppe&nbsp; &#8211;&nbsp; Christin Marks und Till Grave<\/p>\n\n\n\n<p>2010&nbsp; Vanessa Gr\u00fc\u00df und Niklas Blanke&nbsp; &#8211;&nbsp; Rieke Ostmann und&nbsp; Max-Georg Reinke<\/p>\n<\/div><\/div>\n<\/div>\n\n\n\n<div class=\"wp-block-gutena-accordion-panel gutena-accordion-block__panel\">\n<div class=\"wp-block-gutena-accordion-panel-title gutena-accordion-block__panel-title\"><div class=\"gutena-accordion-block__panel-title-inner\">\n<h6 class=\"wp-block-heading has-text-align-left\" style=\"margin-top:0px;margin-right:0px;margin-bottom:0px;margin-left:0px\">2011 &#8211; 2020<\/h6>\n<div class=\"trigger-up-down\"><div class=\"horizontal\"><\/div><div class=\"vertical\"><\/div><\/div><\/div><\/div>\n\n\n\n<div class=\"wp-block-gutena-accordion-panel-content gutena-accordion-block__panel-content\"><div class=\"gutena-accordion-block__panel-content-inner\">\n<p><strong>Jahr  K\u00f6nigspaar&nbsp; &#8211;  Nebenk\u00f6nigspaar<\/strong>e<\/p>\n\n\n\n<p>2011 Luisa Ostendorf und Jakob Kr\u00fcmpelbeck &#8211; Eva-Maria Meyer und Jan Burrichter<\/p>\n\n\n\n<p>2012 Hendrik Lanfermann mit Vanessa Gr\u00fc\u00df &#8211; Madeleine Hitz und Niklas Blanke &#8211; Rike Ostmann und Max-Georg Reinke<\/p>\n\n\n\n<p>2013 Leon Grafe mit Johanna Lanfermann &#8211; Philipp Rump mit Lea Bockhorst &#8211; Luka Meyer mit Emely Getz<\/p>\n\n\n\n<p>2014 Mareike Burrichter mit Johann Struckmeier &#8211; Klara Krumpelbeck mit Paul Vaske &#8211; Melanie Meyer mit Simon Hoffmeyer<\/p>\n\n\n\n<p>2015 Lea Bockhorst mit Henrich Emke &#8211; Philipp Rump mit Paula Emke &#8211;&nbsp; Simon Hoffmeyer mit Mia Th\u00f6bben.<\/p>\n\n\n\n<p>2016 Marina Meyer mit Julius Struckmeier &#8211; Luise Vaske mit Laurenz Struckmeier &#8211; Johanna Lanfermann mit Robin Wolfram<\/p>\n\n\n\n<p>2017 Hannes Otten mit Lisa Vo\u00dfmann &#8211;&nbsp;Finja Hitz und Jan Heino Thoben &#8211; Nele Feldhaus und&nbsp;Marius Kranz<\/p>\n\n\n\n<p>2018 Lisa Vo\u00dfmann mit Hannes Otten &#8211;&nbsp;Finja Hitz und Jan Heino Thoben &#8211; Ellen Lanfermann und&nbsp;Marius Kranz<\/p>\n\n\n\n<p>2019 Finja Hitz und Jan Heino Thoben &#8211; Nele Feldhaus mit Marius Kranz &#8211; Lisa Vo\u00dfmann mit Hannes Otten &#8211;\u00a0Hannah Krieger mit Emil Dwertmann<\/p>\n\n\n\n<p>2020 Finja Hitz und Jan Heino Thoben &#8211; Nele Feldhaus mit Marius Kranz &#8211; Lisa Vo\u00dfmann mit Hannes Otten &#8211;\u00a0Hannah Krieger mit Emil Dwertmann<\/p>\n<\/div><\/div>\n<\/div>\n\n\n\n<div class=\"wp-block-gutena-accordion-panel gutena-accordion-block__panel\">\n<div class=\"wp-block-gutena-accordion-panel-title gutena-accordion-block__panel-title\"><div class=\"gutena-accordion-block__panel-title-inner\">\n<h6 class=\"wp-block-heading has-text-align-left\" style=\"margin-top:0px;margin-right:0px;margin-bottom:0px;margin-left:0px\">2021 &#8211; 2030<\/h6>\n<div class=\"trigger-up-down\"><div class=\"horizontal\"><\/div><div class=\"vertical\"><\/div><\/div><\/div><\/div>\n\n\n\n<div class=\"wp-block-gutena-accordion-panel-content gutena-accordion-block__panel-content\"><div class=\"gutena-accordion-block__panel-content-inner\">\n<p><strong>Jahr  K\u00f6nigspaar&nbsp; &#8211;  Nebenk\u00f6nigspaar<\/strong>e<\/p>\n\n\n\n<p>2021 Finja Hitz und Jan Heino Thoben &#8211; Nele Feldhaus mit Marius Kranz &#8211; Lisa Vo\u00dfmann mit Hannes Otten &#8211;\u00a0Hannah Krieger mit Emil Dwertmann<\/p>\n\n\n\n<p>2022 Mina Hitz mit Bennet Vo\u00dfmann &#8211; Nehle Feldhaus mit Marius Kranz &#8211; Paulina Kranz mit S\u00f6nke Hitz &#8211; Lisa Vo\u00dfmann mit Hannes Otten<\/p>\n\n\n\n<p>2023 Paulina Kranz mit S\u00f6nke Hitz &#8211; Jette Thoben mit Paul Dwertmann &#8211; Annalena Soyka mit Leon Vaske &#8211; Mina Hitz mit Luis Vossmann<\/p>\n\n\n\n<p>2024 Lea Vaske mit Leon Vaske &#8211; Jette Thoben mit Paul Dwertmann &#8211; Laura L\u00fcbbe mit Henry Bockhorst &#8211; Lea Timmen mit Ben Vaske<\/p>\n\n\n\n<p>2025 Leni Wegmann mit Ben Vaske &#8211; Laura L\u00fcbbe mit Magnus L\u00fcbbe &#8211; Lea Vaske und Till Vaske<\/p>\n<\/div><\/div>\n<\/div>\n<\/div>\n\n\n\n<p><\/p>\n\n\n\n<p><\/p>\n\n\n\n<p><\/p>\n\n\n\n<p><\/p>\n\n\n\n<p><\/p>\n\n\n\n<p><\/p>\n","protected":false},"excerpt":{"rendered":"<p>Kinderk\u00f6nige\/Kinderk\u00f6niginnen Amtierende Kinderk\u00f6nigin 2025: Leni Wegmann Bisherige Kinderk\u00f6nige\/-k\u00f6niginnen<\/p>\n","protected":false},"author":2,"featured_media":0,"parent":120,"menu_order":0,"comment_status":"closed","ping_status":"closed","template":"","meta":{"ocean_post_layout":"","ocean_both_sidebars_style":"","ocean_both_sidebars_content_width":0,"ocean_both_sidebars_sidebars_width":0,"ocean_sidebar":"0","ocean_second_sidebar":"0","ocean_disable_margins":"enable","ocean_add_body_class":"","ocean_shortcode_before_top_bar":"","ocean_shortcode_after_top_bar":"","ocean_shortcode_before_header":"","ocean_shortcode_after_header":"","ocean_has_shortcode":"","ocean_shortcode_after_title":"","ocean_shortcode_before_footer_widgets":"","ocean_shortcode_after_footer_widgets":"","ocean_shortcode_before_footer_bottom":"","ocean_shortcode_after_footer_bottom":"","ocean_display_top_bar":"default","ocean_display_header":"default","ocean_header_style":"","ocean_center_header_left_menu":"0","ocean_custom_header_template":"0","ocean_custom_logo":0,"ocean_custom_retina_logo":0,"ocean_custom_logo_max_width":0,"ocean_custom_logo_tablet_max_width":0,"ocean_custom_logo_mobile_max_width":0,"ocean_custom_logo_max_height":0,"ocean_custom_logo_tablet_max_height":0,"ocean_custom_logo_mobile_max_height":0,"ocean_header_custom_menu":"0","ocean_menu_typo_font_family":"0","ocean_menu_typo_font_subset":"","ocean_menu_typo_font_size":0,"ocean_menu_typo_font_size_tablet":0,"ocean_menu_typo_font_size_mobile":0,"ocean_menu_typo_font_size_unit":"px","ocean_menu_typo_font_weight":"","ocean_menu_typo_font_weight_tablet":"","ocean_menu_typo_font_weight_mobile":"","ocean_menu_typo_transform":"","ocean_menu_typo_transform_tablet":"","ocean_menu_typo_transform_mobile":"","ocean_menu_typo_line_height":0,"ocean_menu_typo_line_height_tablet":0,"ocean_menu_typo_line_height_mobile":0,"ocean_menu_typo_line_height_unit":"","ocean_menu_typo_spacing":0,"ocean_menu_typo_spacing_tablet":0,"ocean_menu_typo_spacing_mobile":0,"ocean_menu_typo_spacing_unit":"","ocean_menu_link_color":"","ocean_menu_link_color_hover":"","ocean_menu_link_color_active":"","ocean_menu_link_background":"","ocean_menu_link_hover_background":"","ocean_menu_link_active_background":"","ocean_menu_social_links_bg":"","ocean_menu_social_hover_links_bg":"","ocean_menu_social_links_color":"","ocean_menu_social_hover_links_color":"","ocean_disable_title":"default","ocean_disable_heading":"default","ocean_post_title":"","ocean_post_subheading":"","ocean_post_title_style":"","ocean_post_title_background_color":"","ocean_post_title_background":0,"ocean_post_title_bg_image_position":"","ocean_post_title_bg_image_attachment":"","ocean_post_title_bg_image_repeat":"","ocean_post_title_bg_image_size":"","ocean_post_title_height":0,"ocean_post_title_bg_overlay":0.5,"ocean_post_title_bg_overlay_color":"","ocean_disable_breadcrumbs":"default","ocean_breadcrumbs_color":"","ocean_breadcrumbs_separator_color":"","ocean_breadcrumbs_links_color":"","ocean_breadcrumbs_links_hover_color":"","ocean_display_footer_widgets":"default","ocean_display_footer_bottom":"default","ocean_custom_footer_template":"0","footnotes":""},"class_list":["post-129","page","type-page","status-publish","hentry","entry"],"_links":{"self":[{"href":"https:\/\/www.st-georg-halen.de\/home\/wp-json\/wp\/v2\/pages\/129","targetHints":{"allow":["GET"]}}],"collection":[{"href":"https:\/\/www.st-georg-halen.de\/home\/wp-json\/wp\/v2\/pages"}],"about":[{"href":"https:\/\/www.st-georg-halen.de\/home\/wp-json\/wp\/v2\/types\/page"}],"author":[{"embeddable":true,"href":"https:\/\/www.st-georg-halen.de\/home\/wp-json\/wp\/v2\/users\/2"}],"replies":[{"embeddable":true,"href":"https:\/\/www.st-georg-halen.de\/home\/wp-json\/wp\/v2\/comments?post=129"}],"version-history":[{"count":28,"href":"https:\/\/www.st-georg-halen.de\/home\/wp-json\/wp\/v2\/pages\/129\/revisions"}],"predecessor-version":[{"id":1690,"href":"https:\/\/www.st-georg-halen.de\/home\/wp-json\/wp\/v2\/pages\/129\/revisions\/1690"}],"up":[{"embeddable":true,"href":"https:\/\/www.st-georg-halen.de\/home\/wp-json\/wp\/v2\/pages\/120"}],"wp:attachment":[{"href":"https:\/\/www.st-georg-halen.de\/home\/wp-json\/wp\/v2\/media?parent=129"}],"curies":[{"name":"wp","href":"https:\/\/api.w.org\/{rel}","templated":true}]}}