{"id":2,"date":"2010-07-15T13:09:10","date_gmt":"2010-07-15T13:09:10","guid":{"rendered":"http:\/\/www.st-georg-halen.de\/home\/?page_id=2"},"modified":"2022-11-26T09:14:46","modified_gmt":"2022-11-26T09:14:46","slug":"eine-seite","status":"publish","type":"page","link":"https:\/\/www.st-georg-halen.de\/home\/verein\/eine-seite\/","title":{"rendered":"Geschichtliches"},"content":{"rendered":"<p>Die Entwicklung des Sch\u00fctzenwesens in Halen<\/p>\n<p><strong>Gr\u00fcndung des Sch\u00fctzenvereins vor mehr als 150 Jahren<\/strong><\/p>\n<p>Das Sch\u00fctzenwesen hat in Halen eine sehr lange Tradition. \u00dcberlieferungen zu Folge soll bereits Mitte des 19. Jahrhunderts ein Sch\u00fctzenverbund gegr\u00fcndet worden sein, aus dem sich im Laufe der Zeit der Sch\u00fctzenverein Halen-H\u00f6ltinghausen bildete und nun in der Christ-K\u00f6nigs-Sch\u00fctzenbruderschaft H\u00f6lting- hausen seinen Fortbestand hat. Die Sch\u00fctzenbruderschaft feierte im Jahre 1975 ihr 125-j\u00e4hriges Bestehen und im Jahre 2000 ihr 150-j\u00e4hriges Bestehen. Bis zum Jahr 1976 waren die Halener Sch\u00fctzen Bestandteil dieser Bruderschaft. Ab diesem Zeitpunkt f\u00fchrt die St.-Georg-Sch\u00fctzenbruderschaft die Sch\u00fctzentradition in Halen.<\/p>\n<p>Damit d\u00fcrfte das Sch\u00fctzen- wesen in Halen die \u00e4lteste Vereinsorganisation des Ortes sein.<\/p>\n<figure id=\"attachment_65\" aria-describedby=\"caption-attachment-65\" style=\"width: 300px\" class=\"wp-caption aligncenter\"><a href=\"https:\/\/www.st-georg-halen.de\/home\/wp-content\/uploads\/2010\/07\/Vorzeit.jpg\"><img loading=\"lazy\" decoding=\"async\" class=\"size-medium wp-image-65\" title=\"Vorzeit\" src=\"https:\/\/www.st-georg-halen.de\/home\/wp-content\/uploads\/2010\/07\/Vorzeit-300x209.jpg\" alt=\"Etwa 1925 - Sammeln der Halener Sch\u00fctzen bei der Gastwirtschaft Koopmann, damals bekannt unter &quot;St\u00fcven Zettken&quot;, heute Gastst\u00e4tte Harling-Scheper.\" width=\"300\" height=\"209\" srcset=\"https:\/\/www.st-georg-halen.de\/home\/wp-content\/uploads\/2010\/07\/Vorzeit-300x209.jpg 300w, https:\/\/www.st-georg-halen.de\/home\/wp-content\/uploads\/2010\/07\/Vorzeit.jpg 600w\" sizes=\"auto, (max-width: 300px) 100vw, 300px\" \/><\/a><figcaption id=\"caption-attachment-65\" class=\"wp-caption-text\">Etwa 1925 &#8211; Sammeln der Halener Sch\u00fctzen bei der Gastwirtschaft Koopmann, damals bekannt unter &#8222;St\u00fcven Zettken&#8220;, heute Gastst\u00e4tte Harling-Scheper.<\/figcaption><\/figure>\n<p><strong>Gr\u00fcndung der St. Georg-Sch\u00fctzenbruderschaft Halen<\/strong><\/p>\n<p>Im Jahre 1976 reifte bei den Halener Sch\u00fctzen der Entschluss, sich von der gemeinsamen Bruderschaft mit den H\u00f6ltinghauser Sch\u00fctzen zu trennen und eine eigene Bruderschaft zu gr\u00fcnden. Aus diesem Anlass wurde eine Dorfversammlung einberufen, die sehr gut besucht war. Die Dorfversammlung sprach sich f\u00fcr die Gr\u00fcndung einer eigenen St. Georg-Sch\u00fctzenbruderschaft aus und w\u00e4hlte ein Gremium zur Vorbereitung der Gr\u00fcndung. Folgende Personen geh\u00f6rten diesem Gremium an: Franz Haske, Josef Kordes, Julius Vagelpohl, Bernhard L\u00fcbbeh\u00fcsen, Richard Stolle, Heino Thoben und Siegbert Kranz. In den folgenden Monaten wurde die Stimmung f\u00fcr die Gr\u00fcndung einer eigenen Bruderschaft im Ort getestet. Das Ergebnis der Befragung war \u00e4u\u00dferst positiv, so dass man sich entschloss, eine Gr\u00fcndungsversammlung einzuberufen. Die Gr\u00fcndungsversammlung fand am 8. Oktober 1976 statt und war so gut\u00a0\u00a0besucht, dass der Saal Harling \u00fcberf\u00fcllt war.<\/p>\n<p>Bis zu diesem Zeitpunkt hatten sich bereits 349 Personen in die Mitgliederliste eingetragen. Das \u00fcberraschend gute Ergebnis der Meinungsumfrage habe das Vorbereitungsgremium bewogen, sich schon mit der Standortfrage eines Schie\u00dfstandes und eines Sch\u00fctzenplatzes zu besch\u00e4ftigen, hie\u00df es in der Versammlung. So habe man auf den H\u00f6fen Kalvelage und Dwertmann ideale Standorte gefunden.<\/p>\n<figure id=\"attachment_66\" aria-describedby=\"caption-attachment-66\" style=\"width: 155px\" class=\"wp-caption alignleft\"><a title=\"Franz Haske  Gr\u00fcndungsmitglied und der erste Brudermeister der Bruderschaft\" href=\"https:\/\/www.st-georg-halen.de\/home\/wp-content\/uploads\/2010\/07\/HASKE.jpg\"><img loading=\"lazy\" decoding=\"async\" class=\"size-full wp-image-66\" title=\"HASKE\" src=\"https:\/\/www.st-georg-halen.de\/home\/wp-content\/uploads\/2010\/07\/HASKE.jpg\" alt=\"Franz Haske  Gr\u00fcndungsmitglied und der erste Brudermeister der Bruderschaft\" width=\"155\" height=\"300\" \/><\/a><figcaption id=\"caption-attachment-66\" class=\"wp-caption-text\">Franz Haske Gr\u00fcndungsmitglied und der erste Brudermeister der Bruderschaft<\/figcaption><\/figure>\n<figure id=\"attachment_67\" aria-describedby=\"caption-attachment-67\" style=\"width: 203px\" class=\"wp-caption alignleft\"><a href=\"https:\/\/www.st-georg-halen.de\/home\/wp-content\/uploads\/2010\/07\/Heino-Thoben.jpg\"><img loading=\"lazy\" decoding=\"async\" class=\"wp-image-67\" title=\"Heino Thoben\" src=\"https:\/\/www.st-georg-halen.de\/home\/wp-content\/uploads\/2010\/07\/Heino-Thoben.jpg\" alt=\"Heino Thoben  Gr\u00fcndungsmitglied und seitdem Schatzmeister der Bruderschaft \" width=\"203\" height=\"300\" \/><\/a><figcaption id=\"caption-attachment-67\" class=\"wp-caption-text\">Heino Thoben Gr\u00fcndungsmitglied und seitdem Schatzmeister der Bruderschaft<\/figcaption><\/figure>\n<p>Aufgrund dieser positiven Ergebnisse wurde von den Anwesenden beschlossen, einen Sch\u00fctzenverein zu gr\u00fcnden. Daraufhin wurden Vorstandswahlen durchgef\u00fchrt. Der neu gew\u00e4hlte Vorstand wurde beauftragt, alle Probleme wie Festplatz, Schie\u00dfstand, Vereinsname, Eintragung ins Vereinsregister Zug um Zug zu l\u00f6sen und eine Satzung auszuarbeiten. Festgelegt wurde auch, dass Mitglieder, die bislang Nachbarvereinen angeh\u00f6rten, dort auch weiterhin Mitglied sein k\u00f6nnten. Der Termin f\u00fcr das Gr\u00fcndungssch\u00fctzenfest wurde f\u00fcr Ende Juni 1977 vorgeplant. Vor dem Sch\u00fctzenfest ist eine Versammlung vorgesehen. Bei der durchgef\u00fchrten Hutsammlung kamen 473,40 DM als Startkapital f\u00fcr den neuen Verein zusammen. Die Versammlung entschied sich, die Schie\u00dfhalle auf dem Grundst\u00fcck Kalvelage am \u201eAlten Lether Weg\u201c zu errichten. Im Fr\u00fchjahr 1977 konnte mit dem Bau der Schie\u00dfhalle begonnen werden. Rechtzeitig zum Gr\u00fcndungssch\u00fctzenfest war das Sch\u00fctzenhaus fertig.<\/p>\n<p><strong>Erster K\u00f6nigsthron 1977<\/strong><\/p>\n<p>Das Gr\u00fcndungssch\u00fctzenfest wurde am Sonntag, 26. Juni 1977 und am Montag, 27. Juni 1977 gefeiert. Das erste K\u00f6nigsschie\u00dfen war gekennzeichnet von einer gro\u00dfen Teilnehmerzahl. Schlie\u00dflich konnte Alwin Wegmann die K\u00f6nigsw\u00fcrde erringen und ging damit als erster Sch\u00fctzenk\u00f6nig in die Analen der St. Georg-Sch\u00fctzenbruderschaft ein.<\/p>\n<figure id=\"attachment_68\" aria-describedby=\"caption-attachment-68\" style=\"width: 595px\" class=\"wp-caption aligncenter\"><a href=\"https:\/\/www.st-georg-halen.de\/home\/wp-content\/uploads\/2010\/07\/1977K.jpg\"><img loading=\"lazy\" decoding=\"async\" class=\"wp-image-68 size-full\" title=\"1977K\" src=\"https:\/\/www.st-georg-halen.de\/home\/wp-content\/uploads\/2010\/07\/1977K.jpg\" alt=\"Von links: Nebenk\u00f6nigspaar Agnes und Erhard Heller, K\u00f6nigspaar Hanna und Alwin Wegmann, Nebenk\u00f6nigspaar Maria und Richard Schumacher\" width=\"595\" height=\"269\" srcset=\"https:\/\/www.st-georg-halen.de\/home\/wp-content\/uploads\/2010\/07\/1977K.jpg 595w, https:\/\/www.st-georg-halen.de\/home\/wp-content\/uploads\/2010\/07\/1977K-300x135.jpg 300w\" sizes=\"auto, (max-width: 595px) 100vw, 595px\" \/><\/a><figcaption id=\"caption-attachment-68\" class=\"wp-caption-text\">Von links: Nebenk\u00f6nigspaar Agnes und Erhard Heller, K\u00f6nigspaar Hanna und Alwin Wegmann, Nebenk\u00f6nigspaar Maria und Richard Schumacher<\/figcaption><\/figure>\n<p><strong><strong>Dem Gr\u00fcndungsvorstand geh\u00f6rten folgende Mitglieder an:<\/strong><\/strong><\/p>\n<table border=\"0\" width=\"56%\">\n<tbody>\n<tr>\n<td width=\"41%\">1. Brudermeister<\/td>\n<td width=\"59%\">Franz Haske<\/td>\n<\/tr>\n<tr>\n<td width=\"41%\">2. Brudermeister<\/td>\n<td width=\"59%\">Josef Kordes<\/td>\n<\/tr>\n<tr>\n<td width=\"41%\">Schriftf\u00fchrer<\/td>\n<td width=\"59%\">Josef Harling<\/td>\n<\/tr>\n<tr>\n<td width=\"41%\">Kassenwart<\/td>\n<td width=\"59%\">Heino Thoben<\/td>\n<\/tr>\n<tr>\n<td width=\"41%\"><\/td>\n<td width=\"59%\"><\/td>\n<\/tr>\n<tr>\n<td width=\"41%\">Kommandant<\/td>\n<td width=\"59%\">Siegbert Kranz<\/td>\n<\/tr>\n<tr>\n<td width=\"41%\">Schie\u00dfmeister<\/td>\n<td width=\"59%\">Julius Vagelpohl<\/td>\n<\/tr>\n<tr>\n<td width=\"41%\">Damenschie\u00dfmeister<\/td>\n<td width=\"59%\">Helga Stolle<\/td>\n<\/tr>\n<tr>\n<td width=\"41%\">Jungsch\u00fctzenmeister<\/td>\n<td width=\"59%\">Richard Stolle<\/td>\n<\/tr>\n<tr>\n<td width=\"41%\">Pr\u00e4ses<\/td>\n<td width=\"59%\">Pfarrer Alfons H\u00f6lscher<\/td>\n<\/tr>\n<\/tbody>\n<\/table>\n","protected":false},"excerpt":{"rendered":"<p>Die Entwicklung des Sch\u00fctzenwesens in Halen Gr\u00fcndung des Sch\u00fctzenvereins vor mehr als 150 Jahren Das Sch\u00fctzenwesen hat in Halen eine sehr lange Tradition. \u00dcberlieferungen zu Folge soll bereits Mitte des 19. Jahrhunderts ein Sch\u00fctzenverbund gegr\u00fcndet worden sein, aus dem sich im Laufe der Zeit der Sch\u00fctzenverein Halen-H\u00f6ltinghausen bildete und nun in der Christ-K\u00f6nigs-Sch\u00fctzenbruderschaft H\u00f6lting- hausen [&hellip;]<\/p>\n","protected":false},"author":2,"featured_media":0,"parent":76,"menu_order":0,"comment_status":"closed","ping_status":"closed","template":"","meta":{"ocean_post_layout":"","ocean_both_sidebars_style":"","ocean_both_sidebars_content_width":0,"ocean_both_sidebars_sidebars_width":0,"ocean_sidebar":"0","ocean_second_sidebar":"0","ocean_disable_margins":"enable","ocean_add_body_class":"","ocean_shortcode_before_top_bar":"","ocean_shortcode_after_top_bar":"","ocean_shortcode_before_header":"","ocean_shortcode_after_header":"","ocean_has_shortcode":"","ocean_shortcode_after_title":"","ocean_shortcode_before_footer_widgets":"","ocean_shortcode_after_footer_widgets":"","ocean_shortcode_before_footer_bottom":"","ocean_shortcode_after_footer_bottom":"","ocean_display_top_bar":"default","ocean_display_header":"default","ocean_header_style":"","ocean_center_header_left_menu":"0","ocean_custom_header_template":"0","ocean_custom_logo":0,"ocean_custom_retina_logo":0,"ocean_custom_logo_max_width":0,"ocean_custom_logo_tablet_max_width":0,"ocean_custom_logo_mobile_max_width":0,"ocean_custom_logo_max_height":0,"ocean_custom_logo_tablet_max_height":0,"ocean_custom_logo_mobile_max_height":0,"ocean_header_custom_menu":"0","ocean_menu_typo_font_family":"0","ocean_menu_typo_font_subset":"","ocean_menu_typo_font_size":0,"ocean_menu_typo_font_size_tablet":0,"ocean_menu_typo_font_size_mobile":0,"ocean_menu_typo_font_size_unit":"px","ocean_menu_typo_font_weight":"","ocean_menu_typo_font_weight_tablet":"","ocean_menu_typo_font_weight_mobile":"","ocean_menu_typo_transform":"","ocean_menu_typo_transform_tablet":"","ocean_menu_typo_transform_mobile":"","ocean_menu_typo_line_height":0,"ocean_menu_typo_line_height_tablet":0,"ocean_menu_typo_line_height_mobile":0,"ocean_menu_typo_line_height_unit":"","ocean_menu_typo_spacing":0,"ocean_menu_typo_spacing_tablet":0,"ocean_menu_typo_spacing_mobile":0,"ocean_menu_typo_spacing_unit":"","ocean_menu_link_color":"","ocean_menu_link_color_hover":"","ocean_menu_link_color_active":"","ocean_menu_link_background":"","ocean_menu_link_hover_background":"","ocean_menu_link_active_background":"","ocean_menu_social_links_bg":"","ocean_menu_social_hover_links_bg":"","ocean_menu_social_links_color":"","ocean_menu_social_hover_links_color":"","ocean_disable_title":"default","ocean_disable_heading":"default","ocean_post_title":"","ocean_post_subheading":"","ocean_post_title_style":"","ocean_post_title_background_color":"","ocean_post_title_background":0,"ocean_post_title_bg_image_position":"","ocean_post_title_bg_image_attachment":"","ocean_post_title_bg_image_repeat":"","ocean_post_title_bg_image_size":"","ocean_post_title_height":0,"ocean_post_title_bg_overlay":0.5,"ocean_post_title_bg_overlay_color":"","ocean_disable_breadcrumbs":"default","ocean_breadcrumbs_color":"","ocean_breadcrumbs_separator_color":"","ocean_breadcrumbs_links_color":"","ocean_breadcrumbs_links_hover_color":"","ocean_display_footer_widgets":"default","ocean_display_footer_bottom":"default","ocean_custom_footer_template":"0","footnotes":""},"class_list":["post-2","page","type-page","status-publish","hentry","entry"],"_links":{"self":[{"href":"https:\/\/www.st-georg-halen.de\/home\/wp-json\/wp\/v2\/pages\/2","targetHints":{"allow":["GET"]}}],"collection":[{"href":"https:\/\/www.st-georg-halen.de\/home\/wp-json\/wp\/v2\/pages"}],"about":[{"href":"https:\/\/www.st-georg-halen.de\/home\/wp-json\/wp\/v2\/types\/page"}],"author":[{"embeddable":true,"href":"https:\/\/www.st-georg-halen.de\/home\/wp-json\/wp\/v2\/users\/2"}],"replies":[{"embeddable":true,"href":"https:\/\/www.st-georg-halen.de\/home\/wp-json\/wp\/v2\/comments?post=2"}],"version-history":[{"count":15,"href":"https:\/\/www.st-georg-halen.de\/home\/wp-json\/wp\/v2\/pages\/2\/revisions"}],"predecessor-version":[{"id":1555,"href":"https:\/\/www.st-georg-halen.de\/home\/wp-json\/wp\/v2\/pages\/2\/revisions\/1555"}],"up":[{"embeddable":true,"href":"https:\/\/www.st-georg-halen.de\/home\/wp-json\/wp\/v2\/pages\/76"}],"wp:attachment":[{"href":"https:\/\/www.st-georg-halen.de\/home\/wp-json\/wp\/v2\/media?parent=2"}],"curies":[{"name":"wp","href":"https:\/\/api.w.org\/{rel}","templated":true}]}}