{"id":30,"date":"2010-07-16T20:27:19","date_gmt":"2010-07-16T20:27:19","guid":{"rendered":"http:\/\/www.st-georg-halen.de\/home\/?page_id=30"},"modified":"2026-02-03T07:29:44","modified_gmt":"2026-02-03T07:29:44","slug":"termine","status":"publish","type":"page","link":"https:\/\/www.st-georg-halen.de\/home\/termine\/","title":{"rendered":"Termine 2026"},"content":{"rendered":"\n<div class=\"wp-block-group is-vertical is-layout-flex wp-container-core-group-is-layout-8cf370e7 wp-block-group-is-layout-flex\">\n<h2 class=\"wp-block-heading\">Regelm\u00e4\u00dfig wiederkehrende Termine<\/h2>\n<\/div>\n\n\n\n<p>\u00dcbungsschie\u00dfen Damen:&nbsp;&nbsp; Jeder ungerade Montag im Monat<\/p>\n\n\n\n<p>\u00dcbungsschie\u00dfen M\u00e4nner:&nbsp; Jeder ungerade Dienstag im Monat<\/p>\n\n\n\n<p>\u00dcbungsschie\u00dfen Kinder:&nbsp;&nbsp; Sonntags, jeder ungerade Montag und Freitag im Monat<\/p>\n\n\n\n<p>Vorstandssitzungen:&nbsp;&nbsp;&nbsp;&nbsp;&nbsp;&nbsp;&nbsp; Jeder 1. Dienstag, wenn kein \u00dcbungsschie\u00dfen<\/p>\n\n\n\n<h2 class=\"wp-block-heading alignwide\">Terminkalender 2026<\/h2>\n\n\n<\/ul>\n<span style=\"font-weight: bold;\" class=\"list-view-google-calendar_item_month\">April<\/span><ul class=\"list-view-google-calendar_item\"> <li class=\"list-view-google-calendar_item\"><span class=\"list-view-google-calendar_date\">20.04.26-07.06.26<\/span>  <a target=\"_blank\" rel=\"noopener noreferrer\" class=\"list-view-google-calendar_link\" href=\"https:\/\/www.google.com\/calendar\/event?eid=MW5qaHJnZnBzYjAwNHZjaW9vYXR0a3FrdHAgYjFkNTE0ZjVkMDI4Yzc3OTAzYzU3ZmRhN2ZiOTQ1NDczZjhhZjA3MjlmYjMwYTkzZWVjNWI5M2VlZjUxMzc4NEBn\" title=\"\">Orden-\/Schnurschie\u00dfen<\/a><\/li>\n <li class=\"list-view-google-calendar_item\"><span class=\"list-view-google-calendar_date\">30.04.26-23:59<\/span>  <a target=\"_blank\" rel=\"noopener noreferrer\" class=\"list-view-google-calendar_link\" href=\"https:\/\/www.google.com\/calendar\/event?eid=NXZuYmduaHA4cTVrNTA1b2ExdHZva3Uzb3UgYjFkNTE0ZjVkMDI4Yzc3OTAzYzU3ZmRhN2ZiOTQ1NDczZjhhZjA3MjlmYjMwYTkzZWVjNWI5M2VlZjUxMzc4NEBn\" title=\"\">Maibaumsetzen<\/a><\/li>\n<\/ul>\n<span style=\"font-weight: bold;\" class=\"list-view-google-calendar_item_month\">Mai<\/span><ul class=\"list-view-google-calendar_item\"> <li class=\"list-view-google-calendar_item\"><span class=\"list-view-google-calendar_date\">09.05.26-23:59<\/span>  <a target=\"_blank\" rel=\"noopener noreferrer\" class=\"list-view-google-calendar_link\" href=\"https:\/\/www.google.com\/calendar\/event?eid=NXYwZWZjZWpzbGQxYXVkbDdoYjVoNnQ4MXUgYjFkNTE0ZjVkMDI4Yzc3OTAzYzU3ZmRhN2ZiOTQ1NDczZjhhZjA3MjlmYjMwYTkzZWVjNWI5M2VlZjUxMzc4NEBn\" title=\"\">Antreten H\u00f6ltinghausen<\/a><\/li>\n <li class=\"list-view-google-calendar_item\"><span class=\"list-view-google-calendar_date\">29.05.26-23:59<\/span>  <a target=\"_blank\" rel=\"noopener noreferrer\" class=\"list-view-google-calendar_link\" href=\"https:\/\/www.google.com\/calendar\/event?eid=NXZpNG92OXU4MnRqMjFkNzVrMWplM2xrNmggYjFkNTE0ZjVkMDI4Yzc3OTAzYzU3ZmRhN2ZiOTQ1NDczZjhhZjA3MjlmYjMwYTkzZWVjNWI5M2VlZjUxMzc4NEBn\" title=\"\">Maigang<\/a><\/li>\n<\/ul>\n<span style=\"font-weight: bold;\" class=\"list-view-google-calendar_item_month\">Juni<\/span><ul class=\"list-view-google-calendar_item\"> <li class=\"list-view-google-calendar_item\"><span class=\"list-view-google-calendar_date\">06.06.26-23:59<\/span>  <a target=\"_blank\" rel=\"noopener noreferrer\" class=\"list-view-google-calendar_link\" href=\"https:\/\/www.google.com\/calendar\/event?eid=NmwyNzNwNW9sbzlmMWUxM24yamJxYmE5Mm0gYjFkNTE0ZjVkMDI4Yzc3OTAzYzU3ZmRhN2ZiOTQ1NDczZjhhZjA3MjlmYjMwYTkzZWVjNWI5M2VlZjUxMzc4NEBn\" title=\"\">Anteten Emstek<\/a><\/li>\n <li class=\"list-view-google-calendar_item\"><span class=\"list-view-google-calendar_date\">07.06.26-23:59<\/span>  <a target=\"_blank\" rel=\"noopener noreferrer\" class=\"list-view-google-calendar_link\" href=\"https:\/\/www.google.com\/calendar\/event?eid=NTQ0cHFidWNzbDBsYTNtczQ3djNqNmRjaWQgYjFkNTE0ZjVkMDI4Yzc3OTAzYzU3ZmRhN2ZiOTQ1NDczZjhhZjA3MjlmYjMwYTkzZWVjNWI5M2VlZjUxMzc4NEBn\" title=\"\">Biathlon<\/a><\/li>\n <li class=\"list-view-google-calendar_item\"><span class=\"list-view-google-calendar_date\">14.06.26-23:59<\/span>  <a target=\"_blank\" rel=\"noopener noreferrer\" class=\"list-view-google-calendar_link\" href=\"https:\/\/www.google.com\/calendar\/event?eid=M2s0MmZocDRzaDBjYzdtM2Rtajk1N3ZycDMgYjFkNTE0ZjVkMDI4Yzc3OTAzYzU3ZmRhN2ZiOTQ1NDczZjhhZjA3MjlmYjMwYTkzZWVjNWI5M2VlZjUxMzc4NEBn\" title=\"\">BJT in Halen<\/a><\/li>\n <li class=\"list-view-google-calendar_item\"><span class=\"list-view-google-calendar_date\">28.06.26-23:59<\/span>  <a target=\"_blank\" rel=\"noopener noreferrer\" class=\"list-view-google-calendar_link\" href=\"https:\/\/www.google.com\/calendar\/event?eid=MjBlOTI2Y2wzMTdkZjZ2dG02bDFmN29xOG4gYjFkNTE0ZjVkMDI4Yzc3OTAzYzU3ZmRhN2ZiOTQ1NDczZjhhZjA3MjlmYjMwYTkzZWVjNWI5M2VlZjUxMzc4NEBn\" title=\"\">Kinderk\u00f6nigschie\u00dfen<\/a><\/li>\n<\/ul>\n<span style=\"font-weight: bold;\" class=\"list-view-google-calendar_item_month\">Juli<\/span><ul class=\"list-view-google-calendar_item\"> <li class=\"list-view-google-calendar_item\"><span class=\"list-view-google-calendar_date\">04.07.26-23:59<\/span>  <a target=\"_blank\" rel=\"noopener noreferrer\" class=\"list-view-google-calendar_link\" href=\"https:\/\/www.google.com\/calendar\/event?eid=NHFxM2ltN3ZjZ2N1ajg3c2s0djMwZTQ3MGkgYjFkNTE0ZjVkMDI4Yzc3OTAzYzU3ZmRhN2ZiOTQ1NDczZjhhZjA3MjlmYjMwYTkzZWVjNWI5M2VlZjUxMzc4NEBn\" title=\"\">Schm\u00fccken und Throneinsitzen<\/a><\/li>\n <li class=\"list-view-google-calendar_item\"><span class=\"list-view-google-calendar_date\">05.07.26-06.07.26 23:59<\/span>  <a target=\"_blank\" rel=\"noopener noreferrer\" class=\"list-view-google-calendar_link\" href=\"https:\/\/www.google.com\/calendar\/event?eid=NDgyZXZ0NHV1dTkyZnR1MTI3dTFxaTN2NzIgYjFkNTE0ZjVkMDI4Yzc3OTAzYzU3ZmRhN2ZiOTQ1NDczZjhhZjA3MjlmYjMwYTkzZWVjNWI5M2VlZjUxMzc4NEBn\" title=\"\">Sch\u00fctzenfest<\/a><\/li>\n <li class=\"list-view-google-calendar_item\"><span class=\"list-view-google-calendar_date\">07.07.26-23:59<\/span>  <a target=\"_blank\" rel=\"noopener noreferrer\" class=\"list-view-google-calendar_link\" href=\"https:\/\/www.google.com\/calendar\/event?eid=NzM1anVqbzRlOHZzOGxmZmpqZ2xzczh0b3MgYjFkNTE0ZjVkMDI4Yzc3OTAzYzU3ZmRhN2ZiOTQ1NDczZjhhZjA3MjlmYjMwYTkzZWVjNWI5M2VlZjUxMzc4NEBn\" title=\"\">Abschm\u00fccken<\/a><\/li>\n <li class=\"list-view-google-calendar_item\"><span class=\"list-view-google-calendar_date\">07.07.26 01:00-27.07.26 01:00<\/span>  <a target=\"_blank\" rel=\"noopener noreferrer\" class=\"list-view-google-calendar_link\" href=\"https:\/\/www.google.com\/calendar\/event?eid=NDZyMWxiNDFxNWNsNDd1NHBhMWpldHNxN2ogYjFkNTE0ZjVkMDI4Yzc3OTAzYzU3ZmRhN2ZiOTQ1NDczZjhhZjA3MjlmYjMwYTkzZWVjNWI5M2VlZjUxMzc4NEBn\" title=\"\">Sommerpause<\/a><\/li>\n<\/ul>\n<span style=\"font-weight: bold;\" class=\"list-view-google-calendar_item_month\">August<\/span><ul class=\"list-view-google-calendar_item\"> <li class=\"list-view-google-calendar_item\"><span class=\"list-view-google-calendar_date\">02.08.26-23:59<\/span>  <a target=\"_blank\" rel=\"noopener noreferrer\" class=\"list-view-google-calendar_link\" href=\"https:\/\/www.google.com\/calendar\/event?eid=MXBhbW9mZGRic2xtZ2U3YzlhZ2p0OTI5NDEgYjFkNTE0ZjVkMDI4Yzc3OTAzYzU3ZmRhN2ZiOTQ1NDczZjhhZjA3MjlmYjMwYTkzZWVjNWI5M2VlZjUxMzc4NEBn\" title=\"\">Antreten Schneiderkrug<\/a><\/li>\n <li class=\"list-view-google-calendar_item\"><span class=\"list-view-google-calendar_date\">10.08.26-23:59<\/span>  <a target=\"_blank\" rel=\"noopener noreferrer\" class=\"list-view-google-calendar_link\" href=\"https:\/\/www.google.com\/calendar\/event?eid=NzMxZHI5djlxZHRmM3UwMTR2aThwOWExbjkgYjFkNTE0ZjVkMDI4Yzc3OTAzYzU3ZmRhN2ZiOTQ1NDczZjhhZjA3MjlmYjMwYTkzZWVjNWI5M2VlZjUxMzc4NEBn\" title=\"\">Antreten HoKeB\u00fc<\/a><\/li>\n <li class=\"list-view-google-calendar_item\"><span class=\"list-view-google-calendar_date\">14.08.26-23:59<\/span>  <a target=\"_blank\" rel=\"noopener noreferrer\" class=\"list-view-google-calendar_link\" href=\"https:\/\/www.google.com\/calendar\/event?eid=NXVxNDVjbnEwN2JsOG1qcmJrMWVhcWZkaW8gYjFkNTE0ZjVkMDI4Yzc3OTAzYzU3ZmRhN2ZiOTQ1NDczZjhhZjA3MjlmYjMwYTkzZWVjNWI5M2VlZjUxMzc4NEBn\" title=\"\">Landesbezirks-K\u00f6nigschie\u00dfen<\/a><\/li>\n <li class=\"list-view-google-calendar_item\"><span class=\"list-view-google-calendar_date\">28.08.26-23:59<\/span>  <a target=\"_blank\" rel=\"noopener noreferrer\" class=\"list-view-google-calendar_link\" href=\"https:\/\/www.google.com\/calendar\/event?eid=MGM5bHVodTMxZm5xc3VubDJyaGhpbGplbmcgYjFkNTE0ZjVkMDI4Yzc3OTAzYzU3ZmRhN2ZiOTQ1NDczZjhhZjA3MjlmYjMwYTkzZWVjNWI5M2VlZjUxMzc4NEBn\" title=\"\">Gemeindepokalschie\u00dfen<\/a><\/li>\n<\/ul>\n<span style=\"font-weight: bold;\" class=\"list-view-google-calendar_item_month\">September<\/span><ul class=\"list-view-google-calendar_item\"> <li class=\"list-view-google-calendar_item\"><span class=\"list-view-google-calendar_date\">12.09.26-13.09.26 23:59<\/span>  <a target=\"_blank\" rel=\"noopener noreferrer\" class=\"list-view-google-calendar_link\" href=\"https:\/\/www.google.com\/calendar\/event?eid=MWM2MWdmZW5ldDBpazhnZm5vNDM1azBjbGggYjFkNTE0ZjVkMDI4Yzc3OTAzYzU3ZmRhN2ZiOTQ1NDczZjhhZjA3MjlmYjMwYTkzZWVjNWI5M2VlZjUxMzc4NEBn\" title=\"\">Bundesfest in Damme<\/a><\/li>\n<\/ul>\n<span style=\"font-weight: bold;\" class=\"list-view-google-calendar_item_month\">November<\/span><ul class=\"list-view-google-calendar_item\"> <li class=\"list-view-google-calendar_item\"><span class=\"list-view-google-calendar_date\">06.11.26-23:59<\/span>  <a target=\"_blank\" rel=\"noopener noreferrer\" class=\"list-view-google-calendar_link\" href=\"https:\/\/www.google.com\/calendar\/event?eid=NW5ocW9za2RhYjNhMGZoNnVwNWJoMGdqN3UgYjFkNTE0ZjVkMDI4Yzc3OTAzYzU3ZmRhN2ZiOTQ1NDczZjhhZjA3MjlmYjMwYTkzZWVjNWI5M2VlZjUxMzc4NEBn\" title=\"\">Herbstversammlung<\/a><\/li>\n <li class=\"list-view-google-calendar_item\"><span class=\"list-view-google-calendar_date\">07.11.26-23:59<\/span>  <a target=\"_blank\" rel=\"noopener noreferrer\" class=\"list-view-google-calendar_link\" href=\"https:\/\/www.google.com\/calendar\/event?eid=MWR1ZHR1MzNiZ3RjdWNzNHB0ZWdtbDAxNGcgYjFkNTE0ZjVkMDI4Yzc3OTAzYzU3ZmRhN2ZiOTQ1NDczZjhhZjA3MjlmYjMwYTkzZWVjNWI5M2VlZjUxMzc4NEBn\" title=\"\">Vergleichsschie\u00dfen Hobbymannschaften<\/a><\/li>\n <li class=\"list-view-google-calendar_item\"><span class=\"list-view-google-calendar_date\">20.11.26-23:59<\/span>  <a target=\"_blank\" rel=\"noopener noreferrer\" class=\"list-view-google-calendar_link\" href=\"https:\/\/www.google.com\/calendar\/event?eid=NTdrMWNlMGZmNDUxcHB0djFrb2w1dW9yYnAgYjFkNTE0ZjVkMDI4Yzc3OTAzYzU3ZmRhN2ZiOTQ1NDczZjhhZjA3MjlmYjMwYTkzZWVjNWI5M2VlZjUxMzc4NEBn\" title=\"\">Gemeindek\u00f6nigschie\u00dfen<\/a><\/li>\n <li class=\"list-view-google-calendar_item\"><span class=\"list-view-google-calendar_date\">28.11.26-23:59<\/span>  <a target=\"_blank\" rel=\"noopener noreferrer\" class=\"list-view-google-calendar_link\" href=\"https:\/\/www.google.com\/calendar\/event?eid=MGtwYzBtcTNkY2EwcWhzcTdhZDlnbGswM2ggYjFkNTE0ZjVkMDI4Yzc3OTAzYzU3ZmRhN2ZiOTQ1NDczZjhhZjA3MjlmYjMwYTkzZWVjNWI5M2VlZjUxMzc4NEBn\" title=\"\">Adventsfeier Sch\u00fctzenhaus<\/a><\/li>\n<\/ul>\n\n\n\n<p><\/p>\n","protected":false},"excerpt":{"rendered":"<p>Regelm\u00e4\u00dfig wiederkehrende Termine \u00dcbungsschie\u00dfen Damen:&nbsp;&nbsp; Jeder ungerade Montag im Monat \u00dcbungsschie\u00dfen M\u00e4nner:&nbsp; Jeder ungerade Dienstag im Monat \u00dcbungsschie\u00dfen Kinder:&nbsp;&nbsp; Sonntags, jeder ungerade Montag und Freitag im Monat Vorstandssitzungen:&nbsp;&nbsp;&nbsp;&nbsp;&nbsp;&nbsp;&nbsp; Jeder 1. Dienstag, wenn kein \u00dcbungsschie\u00dfen Terminkalender 2026<\/p>\n","protected":false},"author":4,"featured_media":0,"parent":0,"menu_order":7,"comment_status":"closed","ping_status":"closed","template":"","meta":{"ocean_post_layout":"","ocean_both_sidebars_style":"","ocean_both_sidebars_content_width":0,"ocean_both_sidebars_sidebars_width":0,"ocean_sidebar":"0","ocean_second_sidebar":"0","ocean_disable_margins":"enable","ocean_add_body_class":"","ocean_shortcode_before_top_bar":"","ocean_shortcode_after_top_bar":"","ocean_shortcode_before_header":"","ocean_shortcode_after_header":"","ocean_has_shortcode":"","ocean_shortcode_after_title":"","ocean_shortcode_before_footer_widgets":"","ocean_shortcode_after_footer_widgets":"","ocean_shortcode_before_footer_bottom":"","ocean_shortcode_after_footer_bottom":"","ocean_display_top_bar":"default","ocean_display_header":"default","ocean_header_style":"","ocean_center_header_left_menu":"0","ocean_custom_header_template":"0","ocean_custom_logo":0,"ocean_custom_retina_logo":0,"ocean_custom_logo_max_width":0,"ocean_custom_logo_tablet_max_width":0,"ocean_custom_logo_mobile_max_width":0,"ocean_custom_logo_max_height":0,"ocean_custom_logo_tablet_max_height":0,"ocean_custom_logo_mobile_max_height":0,"ocean_header_custom_menu":"0","ocean_menu_typo_font_family":"0","ocean_menu_typo_font_subset":"","ocean_menu_typo_font_size":0,"ocean_menu_typo_font_size_tablet":0,"ocean_menu_typo_font_size_mobile":0,"ocean_menu_typo_font_size_unit":"px","ocean_menu_typo_font_weight":"","ocean_menu_typo_font_weight_tablet":"","ocean_menu_typo_font_weight_mobile":"","ocean_menu_typo_transform":"","ocean_menu_typo_transform_tablet":"","ocean_menu_typo_transform_mobile":"","ocean_menu_typo_line_height":0,"ocean_menu_typo_line_height_tablet":0,"ocean_menu_typo_line_height_mobile":0,"ocean_menu_typo_line_height_unit":"","ocean_menu_typo_spacing":0,"ocean_menu_typo_spacing_tablet":0,"ocean_menu_typo_spacing_mobile":0,"ocean_menu_typo_spacing_unit":"","ocean_menu_link_color":"","ocean_menu_link_color_hover":"","ocean_menu_link_color_active":"","ocean_menu_link_background":"","ocean_menu_link_hover_background":"","ocean_menu_link_active_background":"","ocean_menu_social_links_bg":"","ocean_menu_social_hover_links_bg":"","ocean_menu_social_links_color":"","ocean_menu_social_hover_links_color":"","ocean_disable_title":"default","ocean_disable_heading":"default","ocean_post_title":"","ocean_post_subheading":"","ocean_post_title_style":"","ocean_post_title_background_color":"","ocean_post_title_background":0,"ocean_post_title_bg_image_position":"","ocean_post_title_bg_image_attachment":"","ocean_post_title_bg_image_repeat":"","ocean_post_title_bg_image_size":"","ocean_post_title_height":0,"ocean_post_title_bg_overlay":0.5,"ocean_post_title_bg_overlay_color":"","ocean_disable_breadcrumbs":"default","ocean_breadcrumbs_color":"","ocean_breadcrumbs_separator_color":"","ocean_breadcrumbs_links_color":"","ocean_breadcrumbs_links_hover_color":"","ocean_display_footer_widgets":"default","ocean_display_footer_bottom":"default","ocean_custom_footer_template":"0","footnotes":""},"class_list":["post-30","page","type-page","status-publish","hentry","entry"],"_links":{"self":[{"href":"https:\/\/www.st-georg-halen.de\/home\/wp-json\/wp\/v2\/pages\/30","targetHints":{"allow":["GET"]}}],"collection":[{"href":"https:\/\/www.st-georg-halen.de\/home\/wp-json\/wp\/v2\/pages"}],"about":[{"href":"https:\/\/www.st-georg-halen.de\/home\/wp-json\/wp\/v2\/types\/page"}],"author":[{"embeddable":true,"href":"https:\/\/www.st-georg-halen.de\/home\/wp-json\/wp\/v2\/users\/4"}],"replies":[{"embeddable":true,"href":"https:\/\/www.st-georg-halen.de\/home\/wp-json\/wp\/v2\/comments?post=30"}],"version-history":[{"count":71,"href":"https:\/\/www.st-georg-halen.de\/home\/wp-json\/wp\/v2\/pages\/30\/revisions"}],"predecessor-version":[{"id":1705,"href":"https:\/\/www.st-georg-halen.de\/home\/wp-json\/wp\/v2\/pages\/30\/revisions\/1705"}],"wp:attachment":[{"href":"https:\/\/www.st-georg-halen.de\/home\/wp-json\/wp\/v2\/media?parent=30"}],"curies":[{"name":"wp","href":"https:\/\/api.w.org\/{rel}","templated":true}]}}