{"id":8,"date":"2010-07-15T17:15:31","date_gmt":"2010-07-15T17:15:31","guid":{"rendered":"http:\/\/www.st-georg-halen.de\/home\/?page_id=8"},"modified":"2026-02-24T19:42:22","modified_gmt":"2026-02-24T19:42:22","slug":"der-vorstand","status":"publish","type":"page","link":"https:\/\/www.st-georg-halen.de\/home\/verein\/der-vorstand\/","title":{"rendered":"Der Vorstand"},"content":{"rendered":"\n<p>Der Vorstand der St. Georg-Sch\u00fctzenbruderschaft Halen teilt sich in drei Bereiche,<\/p>\n\n\n\n<ul class=\"wp-block-list\">\n<li>dem Gesetzlichen Vorstand (Gesch\u00e4ftsf\u00fchrender Vorstand),<\/li>\n\n\n\n<li>dem erweiterten Vorstand und<\/li>\n\n\n\n<li>dem Gesamtvorstand.<\/li>\n<\/ul>\n\n\n\n<p>Der <strong>Gesetzliche Vorstand<\/strong> besteht zurzeit aus dem<\/p>\n\n\n\n<ul class=\"wp-block-list\">\n<li>Brudermeister (1. Vorsitzender),<\/li>\n\n\n\n<li>Stellvertretender Brudermeister (2. Vorsitzender),<\/li>\n\n\n\n<li>Schriftf\u00fchrer\/-in und<\/li>\n\n\n\n<li>Kassenwart.<\/li>\n<\/ul>\n\n\n\n<p>Zum <strong>Erweiterten Vorstand<\/strong> geh\u00f6ren neben dem Gesetzlichen Vorstand<\/p>\n\n\n\n<ul class=\"wp-block-list\">\n<li>der Pr\u00e4ses (Geistlicher),<\/li>\n\n\n\n<li>der amtierende K\u00f6nig,<\/li>\n\n\n\n<li>der Kommandant,<\/li>\n\n\n\n<li>der Hauptschie\u00dfmeister,<\/li>\n\n\n\n<li>die Damenschie\u00dfmeisterin,<\/li>\n\n\n\n<li>der Hauptjungsch\u00fctzenmeister und<\/li>\n\n\n\n<li>der\/die Kompanief\u00fchrer.<\/li>\n<\/ul>\n\n\n\n<p>Den <strong>Gesamtvorstand<\/strong> bilden die Mitglieder des Erweiterten Vorstandes mit ihren Vertretern und den Fahnenoffizieren.<\/p>\n\n\n\n<h2 class=\"wp-block-heading\">Gesch\u00e4ftsf\u00fchrender Vorstand:<\/h2>\n\n\n\n<p class=\"has-text-align-left\"><strong>Brudermeisterin:&nbsp;<\/strong> Katharina Vaske<\/p>\n\n\n\n<p class=\"has-text-align-left\"><b>Stellvertretender Brudermeister: <\/b>David Scheper<\/p>\n\n\n\n<p class=\"has-text-align-left\"><strong>Schriftf\u00fchrerin:&nbsp; <\/strong>Maria Grafe<\/p>\n\n\n\n<p class=\"has-text-align-left\"><strong>Kassenwart:\u00a0 <\/strong>J\u00f6rg Kranz<\/p>\n\n\n\n<p>&nbsp;<\/p>\n\n\n\n<h2 class=\"wp-block-heading\">Erweiterter Vorstand:<\/h2>\n\n\n\n<p class=\"has-text-align-left\"><strong>Pr\u00e4ses: <\/strong><span style=\"font-size: revert;\">Pfarrer Michael Heyer<\/span><\/p>\n\n\n\n<p class=\"has-text-align-left\"><strong>K\u00f6nig 2024-2025: <\/strong>Manfred Hitz<\/p>\n\n\n\n<p class=\"has-text-align-left\"><strong>Kommandant:<\/strong> Andreas Vaske<\/p>\n\n\n\n<p class=\"has-text-align-left\"><strong>Hauptschie\u00dfmeister:<\/strong> Manfred Hitz<\/p>\n\n\n\n<p class=\"has-text-align-left\"><strong>Jungsch\u00fctzenmeisterin:<\/strong> Kerstin Wichmann<\/p>\n\n\n\n<p class=\"has-text-align-left\"><strong>Kompanief\u00fchrer:<\/strong> Thomas L\u00fcbbe<\/p>\n\n\n\n<p class=\"has-text-align-left\"><strong>Damenschie\u00dfmeisterin:<\/strong> Saskia Scheper<\/p>\n","protected":false},"excerpt":{"rendered":"<p>Der Vorstand der St. Georg-Sch\u00fctzenbruderschaft Halen teilt sich in drei Bereiche, Der Gesetzliche Vorstand besteht zurzeit aus dem Zum Erweiterten Vorstand geh\u00f6ren neben dem Gesetzlichen Vorstand Den Gesamtvorstand bilden die Mitglieder des Erweiterten Vorstandes mit ihren Vertretern und den Fahnenoffizieren. Gesch\u00e4ftsf\u00fchrender Vorstand: Brudermeisterin:&nbsp; Katharina Vaske Stellvertretender Brudermeister: David Scheper Schriftf\u00fchrerin:&nbsp; Maria Grafe Kassenwart:\u00a0 J\u00f6rg Kranz [&hellip;]<\/p>\n","protected":false},"author":2,"featured_media":0,"parent":76,"menu_order":1,"comment_status":"closed","ping_status":"closed","template":"","meta":{"ocean_post_layout":"","ocean_both_sidebars_style":"","ocean_both_sidebars_content_width":0,"ocean_both_sidebars_sidebars_width":0,"ocean_sidebar":"0","ocean_second_sidebar":"0","ocean_disable_margins":"enable","ocean_add_body_class":"","ocean_shortcode_before_top_bar":"","ocean_shortcode_after_top_bar":"","ocean_shortcode_before_header":"","ocean_shortcode_after_header":"","ocean_has_shortcode":"","ocean_shortcode_after_title":"","ocean_shortcode_before_footer_widgets":"","ocean_shortcode_after_footer_widgets":"","ocean_shortcode_before_footer_bottom":"","ocean_shortcode_after_footer_bottom":"","ocean_display_top_bar":"default","ocean_display_header":"default","ocean_header_style":"","ocean_center_header_left_menu":"0","ocean_custom_header_template":"0","ocean_custom_logo":0,"ocean_custom_retina_logo":0,"ocean_custom_logo_max_width":0,"ocean_custom_logo_tablet_max_width":0,"ocean_custom_logo_mobile_max_width":0,"ocean_custom_logo_max_height":0,"ocean_custom_logo_tablet_max_height":0,"ocean_custom_logo_mobile_max_height":0,"ocean_header_custom_menu":"0","ocean_menu_typo_font_family":"0","ocean_menu_typo_font_subset":"","ocean_menu_typo_font_size":0,"ocean_menu_typo_font_size_tablet":0,"ocean_menu_typo_font_size_mobile":0,"ocean_menu_typo_font_size_unit":"px","ocean_menu_typo_font_weight":"","ocean_menu_typo_font_weight_tablet":"","ocean_menu_typo_font_weight_mobile":"","ocean_menu_typo_transform":"","ocean_menu_typo_transform_tablet":"","ocean_menu_typo_transform_mobile":"","ocean_menu_typo_line_height":0,"ocean_menu_typo_line_height_tablet":0,"ocean_menu_typo_line_height_mobile":0,"ocean_menu_typo_line_height_unit":"","ocean_menu_typo_spacing":0,"ocean_menu_typo_spacing_tablet":0,"ocean_menu_typo_spacing_mobile":0,"ocean_menu_typo_spacing_unit":"","ocean_menu_link_color":"","ocean_menu_link_color_hover":"","ocean_menu_link_color_active":"","ocean_menu_link_background":"","ocean_menu_link_hover_background":"","ocean_menu_link_active_background":"","ocean_menu_social_links_bg":"","ocean_menu_social_hover_links_bg":"","ocean_menu_social_links_color":"","ocean_menu_social_hover_links_color":"","ocean_disable_title":"default","ocean_disable_heading":"default","ocean_post_title":"","ocean_post_subheading":"","ocean_post_title_style":"","ocean_post_title_background_color":"","ocean_post_title_background":0,"ocean_post_title_bg_image_position":"","ocean_post_title_bg_image_attachment":"","ocean_post_title_bg_image_repeat":"","ocean_post_title_bg_image_size":"","ocean_post_title_height":0,"ocean_post_title_bg_overlay":0.5,"ocean_post_title_bg_overlay_color":"","ocean_disable_breadcrumbs":"default","ocean_breadcrumbs_color":"","ocean_breadcrumbs_separator_color":"","ocean_breadcrumbs_links_color":"","ocean_breadcrumbs_links_hover_color":"","ocean_display_footer_widgets":"default","ocean_display_footer_bottom":"default","ocean_custom_footer_template":"0","footnotes":""},"class_list":["post-8","page","type-page","status-publish","hentry","entry"],"_links":{"self":[{"href":"https:\/\/www.st-georg-halen.de\/home\/wp-json\/wp\/v2\/pages\/8","targetHints":{"allow":["GET"]}}],"collection":[{"href":"https:\/\/www.st-georg-halen.de\/home\/wp-json\/wp\/v2\/pages"}],"about":[{"href":"https:\/\/www.st-georg-halen.de\/home\/wp-json\/wp\/v2\/types\/page"}],"author":[{"embeddable":true,"href":"https:\/\/www.st-georg-halen.de\/home\/wp-json\/wp\/v2\/users\/2"}],"replies":[{"embeddable":true,"href":"https:\/\/www.st-georg-halen.de\/home\/wp-json\/wp\/v2\/comments?post=8"}],"version-history":[{"count":39,"href":"https:\/\/www.st-georg-halen.de\/home\/wp-json\/wp\/v2\/pages\/8\/revisions"}],"predecessor-version":[{"id":1723,"href":"https:\/\/www.st-georg-halen.de\/home\/wp-json\/wp\/v2\/pages\/8\/revisions\/1723"}],"up":[{"embeddable":true,"href":"https:\/\/www.st-georg-halen.de\/home\/wp-json\/wp\/v2\/pages\/76"}],"wp:attachment":[{"href":"https:\/\/www.st-georg-halen.de\/home\/wp-json\/wp\/v2\/media?parent=8"}],"curies":[{"name":"wp","href":"https:\/\/api.w.org\/{rel}","templated":true}]}}