{"id":94,"date":"2024-07-09T04:47:00","date_gmt":"2024-07-09T04:47:00","guid":{"rendered":"http:\/\/www.st-georg-halen.de\/home\/?page_id=94"},"modified":"2025-10-19T10:59:06","modified_gmt":"2025-10-19T10:59:06","slug":"schutzenfest","status":"publish","type":"page","link":"https:\/\/www.st-georg-halen.de\/home\/vereinsleben\/schutzenfest\/","title":{"rendered":"Sch\u00fctzenfest"},"content":{"rendered":"\n<p><span style=\"margin: 0px; color: #222222; font-family: '&amp;quot',serif;\">Halen, 8. Juli 202<\/span>5<\/p>\n\n\n\n<p><span style=\"margin: 0px; color: #222222; font-family: '&amp;quot',serif;\">Von Heinz-G\u00fcnter Dobelmann<\/span><\/p>\n\n\n\n<h2 class=\"wp-block-heading\"><strong><span style=\"margin: 0px; color: #222222; font-family: '&amp;quot',serif;\">Nach 25 Jahren wieder auf dem Thron \u2013 Andreas Vaske ist K\u00f6nig in Halen<\/span><\/strong><\/h2>\n\n\n\n<p>Halen \u2013 \u00dcber einen sehr guten Besuch bei durchwachsenem Wetter freute sich die Sch\u00fctzenbruderschaft Halen am vergangenen Wochenende. Ganz Halen feierte mit seinen G\u00e4sten aus Nah und Fern bei hervorragender Stimmung zwei Tage Sch\u00fctzenfest. Leni Wegmann regiert seit Sonntag das Kindersch\u00fctzenreich und am Montag \u00fcbernahm Andreas Vaske die Regentschaft in Halen.<\/p>\n\n\n\n<p>&nbsp;Zwei stimmungsvolle Tage liegen hinter den Halener Sch\u00fctzen und Musikern. Nahezu durchg\u00e4ngig wurde gefeiert. Wie in jedem Jahr waren die Halener Musiker bei der musikalischen Begleitung der Festm\u00e4rsche und den Platzkonzerten an beiden Sch\u00fctzenfesttagen wieder ganz besonders gefordert. Eine Herausforderung stellte auch das Wetter an beiden Sch\u00fctzenfesttagen dar. Starke Regenf\u00e4lle verwandelten den Sch\u00fctzenplatz in eine Sumpflandschaft. Dank des Einsatzes von Familie Kalvelage, die die Hauptwege auf dem Platz kurzerhand mit Holzhackschnitzel notd\u00fcrftig befestigte, behielten alle weitgehend trockene F\u00fc\u00dfe. Trotz der vielen Regenschauer konnte der Ablauf weitgehend planm\u00e4\u00dfig durchgef\u00fchrt werden. W\u00e4hrend der M\u00e4rsche und der Proklamationen schloss der Wettergott die Schleusen.<\/p>\n\n\n\n<p>Der Sch\u00fctzenfestsonntag stand ganz im Zeichen der Kinder. Nach einem bunten Umzug mit den Kindern von Kindergarten und Schule fand die feierliche Inthronisierung von Kinderk\u00f6nigin Leni Wegmann statt. Die Kinderk\u00f6nigin erw\u00e4hlte sich Ben Vaske zum Prinz an ihrer Seite und die Geschwisterpaare Laura und Magnus Vaske sowie Lea und Till Vaske zum Hofstaat. F\u00fcr die Kinder hatte der Verein ein unterhaltsames Programm gestaltet. Ein H\u00f6hepunkt war der Auftritt der Tanzm\u00e4use des SV H\u00f6ltinghausen. DJ Markus verstand es anschlie\u00dfend die Kinder zum Tanzen zu bewegen.<\/p>\n\n\n\n<p>&nbsp;Der neue K\u00f6nig lie\u00df am Sonntagabend f\u00fcr &nbsp;Halener Verh\u00e4ltnisse nicht so lange auf sich warten. Schon fr\u00fchzeitig zeigten zwei Bewerber mit 29 Ringen ihre Ambitionen auf den K\u00f6nigstitel. Beim Stechen lag dann Andreas Vaske deutlich vor seinem Mitbewerber Reinhold Hitz und ist damit der neue K\u00f6nig in Halen. Andreas Vaske erf\u00fcllte sich mit diesem Titel einen lang gehegten Wunsch. Vor genau 25 Jahren war er schon einmal K\u00f6nig. Damals allerdings Kinderk\u00f6nig.<\/p>\n\n\n\n<p>&nbsp;F\u00fcr die Musiker begann der zweite Sch\u00fctzenfesttag um sieben Uhr mit dem Wecken der K\u00f6nige. Die Sch\u00fctzen versammelten sich um 09.30 Uhr in der Kirche zum Sch\u00fctzengottesdienst, der von Pfarrer Michael Heyer zelebriert wurde. Nach der Kranzniederlegung am Ehrenmal ging es im Marsch zum Festplatz. Dort wartete ein Katerfr\u00fchst\u00fcck mit Fr\u00fchschoppen. Au\u00dferdem wurden zahlreiche Bef\u00f6rderungen und Ehrungen vorgenommen. Nach einer kurzen Mittagspause traten Musiker und Sch\u00fctzen um15 Uhr zum Empfang des noch amtierenden K\u00f6nigsthrones auf der zentralen Bushaltestelle in der Ortsmitte an. Mit einem verk\u00fcrzten Festzug durchs Dorf pr\u00e4sentierte sich das K\u00f6nigshaus von Manfred Hitz &nbsp;noch einmal der Bev\u00f6lkerung.<\/p>\n\n\n\n<p>Um 18 Uhr versammelten sich die Gastvereine und Ehreng\u00e4ste auf dem Dorfplatz zum Empfang des neuen K\u00f6nigsthrones. Mit Musik wurden sie dort von den Halener Sch\u00fctzinnen und Sch\u00fctzen abgeholt und zum Festplatz begleitet. Dort \u00fcbergab K\u00f6nig Manfred Hitz die k\u00f6niglichen Insignien an den stellvertretenden Kommandanten Guido Rammler, der damit dann den &nbsp;neuen K\u00f6nig Andreas Vaske kr\u00f6nte. K\u00f6nig Andreas erw\u00e4hlte Ehefrau Katharina &nbsp;zu seiner K\u00f6nigin. Den Hofstaat bilden Thomas und Sabrina L\u00fcbbe, David und Saskia Scheper, Josef und Annette Reinke sowie Reinhold und Marita Niemann. B\u00fcrgermeister Michael Fischer \u00fcberbrachte die Gr\u00fc\u00dfe der Gemeinde Emstek. Bezirksbundesmeister Stefan Meyer ehrte im Auftrag des Bundes Saskia Scheper und Andreas Vaske mit dem Silbernen Verdienstkreuz (SVK).<\/p>\n","protected":false},"excerpt":{"rendered":"<p>Halen, 8. Juli 2025 Von Heinz-G\u00fcnter Dobelmann Nach 25 Jahren wieder auf dem Thron \u2013 Andreas Vaske ist K\u00f6nig in Halen Halen \u2013 \u00dcber einen sehr guten Besuch bei durchwachsenem Wetter freute sich die Sch\u00fctzenbruderschaft Halen am vergangenen Wochenende. Ganz Halen feierte mit seinen G\u00e4sten aus Nah und Fern bei hervorragender Stimmung zwei Tage Sch\u00fctzenfest. [&hellip;]<\/p>\n","protected":false},"author":4,"featured_media":1657,"parent":92,"menu_order":0,"comment_status":"closed","ping_status":"closed","template":"","meta":{"ocean_post_layout":"","ocean_both_sidebars_style":"","ocean_both_sidebars_content_width":0,"ocean_both_sidebars_sidebars_width":0,"ocean_sidebar":"0","ocean_second_sidebar":"0","ocean_disable_margins":"enable","ocean_add_body_class":"","ocean_shortcode_before_top_bar":"","ocean_shortcode_after_top_bar":"","ocean_shortcode_before_header":"","ocean_shortcode_after_header":"","ocean_has_shortcode":"","ocean_shortcode_after_title":"","ocean_shortcode_before_footer_widgets":"","ocean_shortcode_after_footer_widgets":"","ocean_shortcode_before_footer_bottom":"","ocean_shortcode_after_footer_bottom":"","ocean_display_top_bar":"default","ocean_display_header":"default","ocean_header_style":"","ocean_center_header_left_menu":"0","ocean_custom_header_template":"0","ocean_custom_logo":0,"ocean_custom_retina_logo":0,"ocean_custom_logo_max_width":0,"ocean_custom_logo_tablet_max_width":0,"ocean_custom_logo_mobile_max_width":0,"ocean_custom_logo_max_height":0,"ocean_custom_logo_tablet_max_height":0,"ocean_custom_logo_mobile_max_height":0,"ocean_header_custom_menu":"0","ocean_menu_typo_font_family":"0","ocean_menu_typo_font_subset":"","ocean_menu_typo_font_size":0,"ocean_menu_typo_font_size_tablet":0,"ocean_menu_typo_font_size_mobile":0,"ocean_menu_typo_font_size_unit":"px","ocean_menu_typo_font_weight":"","ocean_menu_typo_font_weight_tablet":"","ocean_menu_typo_font_weight_mobile":"","ocean_menu_typo_transform":"","ocean_menu_typo_transform_tablet":"","ocean_menu_typo_transform_mobile":"","ocean_menu_typo_line_height":0,"ocean_menu_typo_line_height_tablet":0,"ocean_menu_typo_line_height_mobile":0,"ocean_menu_typo_line_height_unit":"","ocean_menu_typo_spacing":0,"ocean_menu_typo_spacing_tablet":0,"ocean_menu_typo_spacing_mobile":0,"ocean_menu_typo_spacing_unit":"","ocean_menu_link_color":"","ocean_menu_link_color_hover":"","ocean_menu_link_color_active":"","ocean_menu_link_background":"","ocean_menu_link_hover_background":"","ocean_menu_link_active_background":"","ocean_menu_social_links_bg":"","ocean_menu_social_hover_links_bg":"","ocean_menu_social_links_color":"","ocean_menu_social_hover_links_color":"","ocean_disable_title":"default","ocean_disable_heading":"default","ocean_post_title":"","ocean_post_subheading":"","ocean_post_title_style":"","ocean_post_title_background_color":"","ocean_post_title_background":0,"ocean_post_title_bg_image_position":"","ocean_post_title_bg_image_attachment":"","ocean_post_title_bg_image_repeat":"","ocean_post_title_bg_image_size":"","ocean_post_title_height":0,"ocean_post_title_bg_overlay":0.5,"ocean_post_title_bg_overlay_color":"","ocean_disable_breadcrumbs":"default","ocean_breadcrumbs_color":"","ocean_breadcrumbs_separator_color":"","ocean_breadcrumbs_links_color":"","ocean_breadcrumbs_links_hover_color":"","ocean_display_footer_widgets":"default","ocean_display_footer_bottom":"default","ocean_custom_footer_template":"0","footnotes":""},"class_list":["post-94","page","type-page","status-publish","has-post-thumbnail","hentry","entry","has-media"],"_links":{"self":[{"href":"https:\/\/www.st-georg-halen.de\/home\/wp-json\/wp\/v2\/pages\/94","targetHints":{"allow":["GET"]}}],"collection":[{"href":"https:\/\/www.st-georg-halen.de\/home\/wp-json\/wp\/v2\/pages"}],"about":[{"href":"https:\/\/www.st-georg-halen.de\/home\/wp-json\/wp\/v2\/types\/page"}],"author":[{"embeddable":true,"href":"https:\/\/www.st-georg-halen.de\/home\/wp-json\/wp\/v2\/users\/4"}],"replies":[{"embeddable":true,"href":"https:\/\/www.st-georg-halen.de\/home\/wp-json\/wp\/v2\/comments?post=94"}],"version-history":[{"count":15,"href":"https:\/\/www.st-georg-halen.de\/home\/wp-json\/wp\/v2\/pages\/94\/revisions"}],"predecessor-version":[{"id":1660,"href":"https:\/\/www.st-georg-halen.de\/home\/wp-json\/wp\/v2\/pages\/94\/revisions\/1660"}],"up":[{"embeddable":true,"href":"https:\/\/www.st-georg-halen.de\/home\/wp-json\/wp\/v2\/pages\/92"}],"wp:featuredmedia":[{"embeddable":true,"href":"https:\/\/www.st-georg-halen.de\/home\/wp-json\/wp\/v2\/media\/1657"}],"wp:attachment":[{"href":"https:\/\/www.st-georg-halen.de\/home\/wp-json\/wp\/v2\/media?parent=94"}],"curies":[{"name":"wp","href":"https:\/\/api.w.org\/{rel}","templated":true}]}}